{"id":1742,"date":"2024-01-09T10:09:46","date_gmt":"2024-01-09T10:09:46","guid":{"rendered":"https:\/\/frameyoustore.com\/?page_id=1742"},"modified":"2026-04-06T16:31:59","modified_gmt":"2026-04-06T16:31:59","slug":"direitodelivreresolucao","status":"publish","type":"page","link":"https:\/\/frameyoustore.com\/index.php\/direitodelivreresolucao\/","title":{"rendered":"Direito de livre resolu\u00e7\u00e3o"},"content":{"rendered":"\n<p class=\"has-text-align-justify\"><strong>Direito de livre resolu\u00e7\u00e3o<\/strong>, conforme art 10.\u00ba, do DL 24\/2014, de 14 fev.<\/p>\n\n\n\n<p class=\"has-text-align-justify\"><strong>Direito de Livre Resolu\u00e7\u00e3o<\/strong>:<\/p>\n\n\n\n<p>Nos termos do Artigo 10.\u00ba do Decreto-Lei 24\/2014, de 14 de fevereiro, voc\u00ea tem o direito de livre resolu\u00e7\u00e3o do contrato dentro de um per\u00edodo de 14 dias a contar da data de recebimento do produto, sem necessidade de indicar o motivo.<\/p>\n\n\n\n<p>Para exercer o direito de livre resolu\u00e7\u00e3o, voc\u00ea deve nos notificar da sua decis\u00e3o de resolu\u00e7\u00e3o deste contrato atrav\u00e9s de uma declara\u00e7\u00e3o inequ\u00edvoca (por exemplo, uma carta enviada pelo correio, fax ou e-mail).<\/p>\n\n\n\n<p><strong>Exce\u00e7\u00f5es ao Direito de Livre Resolu\u00e7\u00e3o<\/strong><\/p>\n\n\n\n<p>Por favor, note que o direito de livre resolu\u00e7\u00e3o n\u00e3o se aplica a produtos que tenham sido abertos, usados ou danificados ap\u00f3s a entrega, produtos personalizados ou produtos perec\u00edveis.<\/p>\n\n\n\n<p><strong>Efeitos da Livre Resolu\u00e7\u00e3o<\/strong>:<\/p>\n\n\n\n<p>Se voc\u00ea exercer o seu direito de livre resolu\u00e7\u00e3o, ser-lhe-\u00e1 reembolsado o valor total pago pelos produtos, incluindo os custos de entrega (com exce\u00e7\u00e3o de custos suplementares resultantes da sua escolha de uma modalidade de entrega diferente da modalidade menos onerosa de entrega normal por n\u00f3s oferecida), sem demora injustificada e, em qualquer caso, o mais tardar 14 dias a contar da data em que formos informados da sua decis\u00e3o de resolu\u00e7\u00e3o do contrato.<\/p>\n\n\n\n<p><strong>Contato<\/strong>:<\/p>\n\n\n\n<p class=\"has-text-align-justify\">Se voc\u00ea deseja exercer o seu direito de livre resolu\u00e7\u00e3o ou tiver alguma d\u00favida sobre este processo, entre em contato connosco para&nbsp;<strong>info@frameyoustore.com<\/strong>.<\/p>\n","protected":false},"excerpt":{"rendered":"<p>Direito de livre resolu\u00e7\u00e3o, conforme art 10.\u00ba, do DL 24\/2014, de 14 fev. Direito de Livre Resolu\u00e7\u00e3o: Nos termos do Artigo 10.\u00ba do Decreto-Lei 24\/2014, de 14 de fevereiro, voc\u00ea&#8230;<\/p>\n","protected":false},"author":1,"featured_media":0,"parent":0,"menu_order":0,"comment_status":"closed","ping_status":"open","template":"","meta":{"_uag_custom_page_level_css":"","footnotes":""},"class_list":["post-1742","page","type-page","status-publish"],"uagb_featured_image_src":{"full":false,"thumbnail":false,"medium":false,"medium_large":false,"large":false,"1536x1536":false,"2048x2048":false,"portfolio-thumb":false,"nectar_small_square":false,"portfolio-thumb_large":false,"portfolio-thumb_small":false,"portfolio-widget":false,"regular":false,"regular_photography":false,"regular_small":false,"regular_photography_small":false,"wide_tall":false,"wide_tall_photography":false,"wide_photography":false,"wide_photography_small":false,"large_featured":false,"medium_featured":false,"woocommerce_thumbnail":false,"woocommerce_single":false,"woocommerce_gallery_thumbnail":false},"uagb_author_info":{"display_name":"admin","author_link":"https:\/\/frameyoustore.com\/index.php\/author\/frameadmin\/"},"uagb_comment_info":0,"uagb_excerpt":"Direito de livre resolu\u00e7\u00e3o, conforme art 10.\u00ba, do DL 24\/2014, de 14 fev. Direito de Livre Resolu\u00e7\u00e3o: Nos termos do Artigo 10.\u00ba do Decreto-Lei 24\/2014, de 14 de fevereiro, voc\u00ea...","jetpack_sharing_enabled":true,"_links":{"self":[{"href":"https:\/\/frameyoustore.com\/index.php\/wp-json\/wp\/v2\/pages\/1742","targetHints":{"allow":["GET"]}}],"collection":[{"href":"https:\/\/frameyoustore.com\/index.php\/wp-json\/wp\/v2\/pages"}],"about":[{"href":"https:\/\/frameyoustore.com\/index.php\/wp-json\/wp\/v2\/types\/page"}],"author":[{"embeddable":true,"href":"https:\/\/frameyoustore.com\/index.php\/wp-json\/wp\/v2\/users\/1"}],"replies":[{"embeddable":true,"href":"https:\/\/frameyoustore.com\/index.php\/wp-json\/wp\/v2\/comments?post=1742"}],"version-history":[{"count":4,"href":"https:\/\/frameyoustore.com\/index.php\/wp-json\/wp\/v2\/pages\/1742\/revisions"}],"predecessor-version":[{"id":8638,"href":"https:\/\/frameyoustore.com\/index.php\/wp-json\/wp\/v2\/pages\/1742\/revisions\/8638"}],"wp:attachment":[{"href":"https:\/\/frameyoustore.com\/index.php\/wp-json\/wp\/v2\/media?parent=1742"}],"curies":[{"name":"wp","href":"https:\/\/api.w.org\/{rel}","templated":true}]}}