{"id":2010,"date":"2024-01-13T11:28:08","date_gmt":"2024-01-13T11:28:08","guid":{"rendered":"https:\/\/frameyoustore.com\/?post_type=product&#038;p=2010"},"modified":"2025-08-25T09:52:19","modified_gmt":"2025-08-25T09:52:19","slug":"colar-madre-perola","status":"publish","type":"product","link":"https:\/\/frameyoustore.com\/index.php\/produto\/colar-madre-perola\/","title":{"rendered":"Colar Madre P\u00e9rola [\u00daLTIMAS UNIDADES]"},"content":{"rendered":"<p>O nosso Colar Madre P\u00e9rola \u00e9 a pe\u00e7a perfeita para qualquer amante de pe\u00e7as intemporais e com significado.<\/p>\n<p><u>Medidas:<\/u><\/p>\n<ul>\n<li>Pendente: Madre P\u00e9rola (8 mm)<\/li>\n<li>Comprimento: 38 cm<\/li>\n<li>Extensor: 4 cm<\/li>\n<\/ul>\n<p><u>Material:<\/u><\/p>\n<ul>\n<li>A\u00e7o Inoxid\u00e1vel (316 L);<\/li>\n<li>Banho de Ouro 18K;<\/li>\n<li>Sabe mais sobre as nossas pe\u00e7as\u00a0<strong><a href=\"https:\/\/frameyoustore.com\/index.php\/sobre-a-joalharia\/\">aqui.<\/a><\/strong><\/li>\n<\/ul>\n<p><u>Informa\u00e7\u00f5es Adicionais:<\/u><\/p>\n<ul>\n<li>As nossas pe\u00e7as s\u00e3o enviadas numa bolsa;<\/li>\n<li>Caso pretenda oferecer este colar como presente, temos a op\u00e7\u00e3o de adicionar uma caixa presente (abaixo) ou sugerimos a compra das nossas FrameYou &#8211; Caixas com Mensagem &#8211; que podem ser compradas <a href=\"https:\/\/frameyoustore.com\/index.php\/produto\/cria-a-tua-frameyou\/\">aqui<\/a>.<\/li>\n<\/ul>\n","protected":false},"excerpt":{"rendered":"<p>O nosso Colar Madre P\u00e9rola \u00e9 a pe\u00e7a perfeita para qualquer amante de pe\u00e7as intemporais e com significado.<\/p>\n","protected":false},"featured_media":5567,"comment_status":"open","ping_status":"closed","template":"","meta":{"_uag_custom_page_level_css":""},"product_brand":[],"product_cat":[25,18,29],"product_tag":[],"class_list":{"0":"post-2010","1":"product","2":"type-product","3":"status-publish","4":"has-post-thumbnail","6":"product_cat-colares","7":"product_cat-colares-pulseiras","8":"product_cat-mulheres","10":"first","11":"instock","12":"sale","13":"featured","14":"taxable","15":"shipping-taxable","16":"purchasable","17":"product-type-simple"},"uagb_featured_image_src":{"full":["https:\/\/frameyoustore.com\/wp-content\/uploads\/2025\/08\/WhatsApp-Image-2025-08-14-at-13.43.48-2.jpeg",1000,1000,false],"thumbnail":["https:\/\/frameyoustore.com\/wp-content\/uploads\/2025\/08\/WhatsApp-Image-2025-08-14-at-13.43.48-2-150x150.jpeg",150,150,true],"medium":["https:\/\/frameyoustore.com\/wp-content\/uploads\/2025\/08\/WhatsApp-Image-2025-08-14-at-13.43.48-2-300x300.jpeg",300,300,true],"medium_large":["https:\/\/frameyoustore.com\/wp-content\/uploads\/2025\/08\/WhatsApp-Image-2025-08-14-at-13.43.48-2-768x768.jpeg",768,768,true],"large":["https:\/\/frameyoustore.com\/wp-content\/uploads\/2025\/08\/WhatsApp-Image-2025-08-14-at-13.43.48-2.jpeg",1000,1000,false],"1536x1536":["https:\/\/frameyoustore.com\/wp-content\/uploads\/2025\/08\/WhatsApp-Image-2025-08-14-at-13.43.48-2.jpeg",1000,1000,false],"2048x2048":["https:\/\/frameyoustore.com\/wp-content\/uploads\/2025\/08\/WhatsApp-Image-2025-08-14-at-13.43.48-2.jpeg",1000,1000,false],"portfolio-thumb":["https:\/\/frameyoustore.com\/wp-content\/uploads\/2025\/08\/WhatsApp-Image-2025-08-14-at-13.43.48-2-600x403.jpeg",600,403,true],"nectar_small_square":["https:\/\/frameyoustore.com\/wp-content\/uploads\/2025\/08\/WhatsApp-Image-2025-08-14-at-13.43.48-2-140x140.jpeg",140,140,true],"portfolio-thumb_large":["https:\/\/frameyoustore.com\/wp-content\/uploads\/2025\/08\/WhatsApp-Image-2025-08-14-at-13.43.48-2-900x604.jpeg",900,604,true],"portfolio-thumb_small":["https:\/\/frameyoustore.com\/wp-content\/uploads\/2025\/08\/WhatsApp-Image-2025-08-14-at-13.43.48-2-400x269.jpeg",400,269,true],"portfolio-widget":["https:\/\/frameyoustore.com\/wp-content\/uploads\/2025\/08\/WhatsApp-Image-2025-08-14-at-13.43.48-2-100x100.jpeg",100,100,true],"regular":["https:\/\/frameyoustore.com\/wp-content\/uploads\/2025\/08\/WhatsApp-Image-2025-08-14-at-13.43.48-2-500x500.jpeg",500,500,true],"regular_photography":["https:\/\/frameyoustore.com\/wp-content\/uploads\/2025\/08\/WhatsApp-Image-2025-08-14-at-13.43.48-2-450x600.jpeg",450,600,true],"regular_small":["https:\/\/frameyoustore.com\/wp-content\/uploads\/2025\/08\/WhatsApp-Image-2025-08-14-at-13.43.48-2-350x350.jpeg",350,350,true],"regular_photography_small":["https:\/\/frameyoustore.com\/wp-content\/uploads\/2025\/08\/WhatsApp-Image-2025-08-14-at-13.43.48-2-350x467.jpeg",350,467,true],"wide_tall":["https:\/\/frameyoustore.com\/wp-content\/uploads\/2025\/08\/WhatsApp-Image-2025-08-14-at-13.43.48-2.jpeg",1000,1000,false],"wide_tall_photography":["https:\/\/frameyoustore.com\/wp-content\/uploads\/2025\/08\/WhatsApp-Image-2025-08-14-at-13.43.48-2-900x1000.jpeg",900,1000,true],"wide_photography":["https:\/\/frameyoustore.com\/wp-content\/uploads\/2025\/08\/WhatsApp-Image-2025-08-14-at-13.43.48-2-900x600.jpeg",900,600,true],"wide_photography_small":["https:\/\/frameyoustore.com\/wp-content\/uploads\/2025\/08\/WhatsApp-Image-2025-08-14-at-13.43.48-2-675x450.jpeg",675,450,true],"large_featured":["https:\/\/frameyoustore.com\/wp-content\/uploads\/2025\/08\/WhatsApp-Image-2025-08-14-at-13.43.48-2-1000x770.jpeg",1000,770,true],"medium_featured":["https:\/\/frameyoustore.com\/wp-content\/uploads\/2025\/08\/WhatsApp-Image-2025-08-14-at-13.43.48-2-800x800.jpeg",800,800,true],"woocommerce_thumbnail":["https:\/\/frameyoustore.com\/wp-content\/uploads\/2025\/08\/WhatsApp-Image-2025-08-14-at-13.43.48-2-300x300.jpeg",300,300,true],"woocommerce_single":["https:\/\/frameyoustore.com\/wp-content\/uploads\/2025\/08\/WhatsApp-Image-2025-08-14-at-13.43.48-2-800x1000.jpeg",800,1000,true],"woocommerce_gallery_thumbnail":["https:\/\/frameyoustore.com\/wp-content\/uploads\/2025\/08\/WhatsApp-Image-2025-08-14-at-13.43.48-2-150x150.jpeg",150,150,true]},"uagb_author_info":{"display_name":"Vanessa Soares","author_link":"https:\/\/frameyoustore.com\/index.php\/author\/"},"uagb_comment_info":0,"uagb_excerpt":"O nosso Colar Madre P\u00e9rola \u00e9 a pe\u00e7a perfeita para qualquer amante de pe\u00e7as intemporais e com significado.","jetpack_sharing_enabled":true,"_links":{"self":[{"href":"https:\/\/frameyoustore.com\/index.php\/wp-json\/wp\/v2\/product\/2010","targetHints":{"allow":["GET"]}}],"collection":[{"href":"https:\/\/frameyoustore.com\/index.php\/wp-json\/wp\/v2\/product"}],"about":[{"href":"https:\/\/frameyoustore.com\/index.php\/wp-json\/wp\/v2\/types\/product"}],"replies":[{"embeddable":true,"href":"https:\/\/frameyoustore.com\/index.php\/wp-json\/wp\/v2\/comments?post=2010"}],"wp:featuredmedia":[{"embeddable":true,"href":"https:\/\/frameyoustore.com\/index.php\/wp-json\/wp\/v2\/media\/5567"}],"wp:attachment":[{"href":"https:\/\/frameyoustore.com\/index.php\/wp-json\/wp\/v2\/media?parent=2010"}],"wp:term":[{"taxonomy":"product_brand","embeddable":true,"href":"https:\/\/frameyoustore.com\/index.php\/wp-json\/wp\/v2\/product_brand?post=2010"},{"taxonomy":"product_cat","embeddable":true,"href":"https:\/\/frameyoustore.com\/index.php\/wp-json\/wp\/v2\/product_cat?post=2010"},{"taxonomy":"product_tag","embeddable":true,"href":"https:\/\/frameyoustore.com\/index.php\/wp-json\/wp\/v2\/product_tag?post=2010"}],"curies":[{"name":"wp","href":"https:\/\/api.w.org\/{rel}","templated":true}]}}