{"id":2115,"date":"2024-01-13T19:03:55","date_gmt":"2024-01-13T19:03:55","guid":{"rendered":"https:\/\/frameyoustore.com\/?post_type=product&#038;p=2115"},"modified":"2025-08-25T10:05:56","modified_gmt":"2025-08-25T10:05:56","slug":"colar-mini-coracao","status":"publish","type":"product","link":"https:\/\/frameyoustore.com\/index.php\/produto\/colar-mini-coracao\/","title":{"rendered":"Colar Mini-Cora\u00e7\u00e3o &#8211; Personalizada"},"content":{"rendered":"<p>O nosso Colar Cora\u00e7\u00e3o \u00e9 uma pe\u00e7a intemporal. Perfeita para quem procura um colar discreto, mas cheio de significado.<\/p>\n<p><u>Medidas:<\/u><\/p>\n<ul>\n<li>Pendente: Cora\u00e7\u00e3o (5 mm)<\/li>\n<li>Comprimento: 40 cm<\/li>\n<li>Extensor: 4 cm<\/li>\n<\/ul>\n<p><u>Material das nossas pe\u00e7as:<\/u><\/p>\n<ul>\n<li>A\u00e7o Inoxid\u00e1vel (316 L);<\/li>\n<li>A vers\u00e3o dourada leva um Banho de Ouro 18K;<\/li>\n<li>Sabe mais sobre as nossas pe\u00e7as\u00a0<strong><a href=\"https:\/\/frameyoustore.com\/index.php\/sobre-a-joalharia\/\">aqui.<\/a><\/strong><\/li>\n<\/ul>\n<p><u>Informa\u00e7\u00f5es Adicionais:<\/u><\/p>\n<ul>\n<li>As nossas pe\u00e7as s\u00e3o enviadas numa bolsa;<\/li>\n<li>Caso pretenda oferecer este colar como presente, temos a op\u00e7\u00e3o de adicionar uma caixa presente (abaixo) ou sugerimos a compra das nossas FrameYou &#8211; Caixas com Mensagem &#8211; que podem ser compradas <a href=\"https:\/\/frameyoustore.com\/index.php\/produto\/cria-a-tua-frameyou\/\">aqui<\/a>.<\/li>\n<\/ul>\n","protected":false},"excerpt":{"rendered":"<p>O nosso Colar Cora\u00e7\u00e3o \u00e9 uma pe\u00e7a intemporal.<\/p>\n","protected":false},"featured_media":2040,"comment_status":"open","ping_status":"closed","template":"","meta":{"_uag_custom_page_level_css":""},"product_brand":[],"product_cat":[25,18,29],"product_tag":[],"class_list":{"0":"post-2115","1":"product","2":"type-product","3":"status-publish","4":"has-post-thumbnail","6":"product_cat-colares","7":"product_cat-colares-pulseiras","8":"product_cat-mulheres","10":"first","11":"instock","12":"sale","13":"taxable","14":"shipping-taxable","15":"purchasable","16":"product-type-simple"},"uagb_featured_image_src":{"full":["https:\/\/frameyoustore.com\/wp-content\/uploads\/2024\/01\/IMG_0813-scaled.jpg",2297,2560,false],"thumbnail":["https:\/\/frameyoustore.com\/wp-content\/uploads\/2024\/01\/IMG_0813-150x150.jpg",150,150,true],"medium":["https:\/\/frameyoustore.com\/wp-content\/uploads\/2024\/01\/IMG_0813-269x300.jpg",269,300,true],"medium_large":["https:\/\/frameyoustore.com\/wp-content\/uploads\/2024\/01\/IMG_0813-768x856.jpg",768,856,true],"large":["https:\/\/frameyoustore.com\/wp-content\/uploads\/2024\/01\/IMG_0813-919x1024.jpg",919,1024,true],"1536x1536":["https:\/\/frameyoustore.com\/wp-content\/uploads\/2024\/01\/IMG_0813-1378x1536.jpg",1378,1536,true],"2048x2048":["https:\/\/frameyoustore.com\/wp-content\/uploads\/2024\/01\/IMG_0813-1837x2048.jpg",1837,2048,true],"portfolio-thumb":["https:\/\/frameyoustore.com\/wp-content\/uploads\/2024\/01\/IMG_0813-600x403.jpg",600,403,true],"nectar_small_square":["https:\/\/frameyoustore.com\/wp-content\/uploads\/2024\/01\/IMG_0813-140x140.jpg",140,140,true],"portfolio-thumb_large":["https:\/\/frameyoustore.com\/wp-content\/uploads\/2024\/01\/IMG_0813-900x604.jpg",900,604,true],"portfolio-thumb_small":["https:\/\/frameyoustore.com\/wp-content\/uploads\/2024\/01\/IMG_0813-400x269.jpg",400,269,true],"portfolio-widget":["https:\/\/frameyoustore.com\/wp-content\/uploads\/2024\/01\/IMG_0813-100x100.jpg",100,100,true],"regular":["https:\/\/frameyoustore.com\/wp-content\/uploads\/2024\/01\/IMG_0813-500x500.jpg",500,500,true],"regular_photography":["https:\/\/frameyoustore.com\/wp-content\/uploads\/2024\/01\/IMG_0813-450x600.jpg",450,600,true],"regular_small":["https:\/\/frameyoustore.com\/wp-content\/uploads\/2024\/01\/IMG_0813-350x350.jpg",350,350,true],"regular_photography_small":["https:\/\/frameyoustore.com\/wp-content\/uploads\/2024\/01\/IMG_0813-350x467.jpg",350,467,true],"wide_tall":["https:\/\/frameyoustore.com\/wp-content\/uploads\/2024\/01\/IMG_0813-1000x1000.jpg",1000,1000,true],"wide_tall_photography":["https:\/\/frameyoustore.com\/wp-content\/uploads\/2024\/01\/IMG_0813-900x1200.jpg",900,1200,true],"wide_photography":["https:\/\/frameyoustore.com\/wp-content\/uploads\/2024\/01\/IMG_0813-900x600.jpg",900,600,true],"wide_photography_small":["https:\/\/frameyoustore.com\/wp-content\/uploads\/2024\/01\/IMG_0813-675x450.jpg",675,450,true],"large_featured":["https:\/\/frameyoustore.com\/wp-content\/uploads\/2024\/01\/IMG_0813-1870x770.jpg",1870,770,true],"medium_featured":["https:\/\/frameyoustore.com\/wp-content\/uploads\/2024\/01\/IMG_0813-800x800.jpg",800,800,true],"woocommerce_thumbnail":["https:\/\/frameyoustore.com\/wp-content\/uploads\/2024\/01\/IMG_0813-300x300.jpg",300,300,true],"woocommerce_single":["https:\/\/frameyoustore.com\/wp-content\/uploads\/2024\/01\/IMG_0813-800x1000.jpg",800,1000,true],"woocommerce_gallery_thumbnail":["https:\/\/frameyoustore.com\/wp-content\/uploads\/2024\/01\/IMG_0813-150x150.jpg",150,150,true]},"uagb_author_info":{"display_name":"Vanessa Soares","author_link":"https:\/\/frameyoustore.com\/index.php\/author\/"},"uagb_comment_info":0,"uagb_excerpt":"O nosso Colar Cora\u00e7\u00e3o \u00e9 uma pe\u00e7a intemporal.","jetpack_sharing_enabled":true,"_links":{"self":[{"href":"https:\/\/frameyoustore.com\/index.php\/wp-json\/wp\/v2\/product\/2115","targetHints":{"allow":["GET"]}}],"collection":[{"href":"https:\/\/frameyoustore.com\/index.php\/wp-json\/wp\/v2\/product"}],"about":[{"href":"https:\/\/frameyoustore.com\/index.php\/wp-json\/wp\/v2\/types\/product"}],"replies":[{"embeddable":true,"href":"https:\/\/frameyoustore.com\/index.php\/wp-json\/wp\/v2\/comments?post=2115"}],"wp:featuredmedia":[{"embeddable":true,"href":"https:\/\/frameyoustore.com\/index.php\/wp-json\/wp\/v2\/media\/2040"}],"wp:attachment":[{"href":"https:\/\/frameyoustore.com\/index.php\/wp-json\/wp\/v2\/media?parent=2115"}],"wp:term":[{"taxonomy":"product_brand","embeddable":true,"href":"https:\/\/frameyoustore.com\/index.php\/wp-json\/wp\/v2\/product_brand?post=2115"},{"taxonomy":"product_cat","embeddable":true,"href":"https:\/\/frameyoustore.com\/index.php\/wp-json\/wp\/v2\/product_cat?post=2115"},{"taxonomy":"product_tag","embeddable":true,"href":"https:\/\/frameyoustore.com\/index.php\/wp-json\/wp\/v2\/product_tag?post=2115"}],"curies":[{"name":"wp","href":"https:\/\/api.w.org\/{rel}","templated":true}]}}