{"id":2326,"date":"2024-01-16T17:11:51","date_gmt":"2024-01-16T17:11:51","guid":{"rendered":"https:\/\/frameyoustore.com\/?post_type=product&#038;p=2326"},"modified":"2025-06-07T12:20:39","modified_gmt":"2025-06-07T12:20:39","slug":"porta-chaves-cor-de-rosa","status":"publish","type":"product","link":"https:\/\/frameyoustore.com\/index.php\/produto\/porta-chaves-cor-de-rosa\/","title":{"rendered":"Porta-Chaves Cor-de-Rosa"},"content":{"rendered":"<p>Os nossos porta-chaves personalizados s\u00e3o o acess\u00f3rio mais giro da esta\u00e7\u00e3o. Seja para ofereceres a algu\u00e9m especial ou para adicionares ao teu chaveiro, com os nossos porta-chaves andar\u00e1s sempre com uma identifica\u00e7\u00e3o \u00fanica.<\/p>\n<p><u>O que inclui?<\/u><\/p>\n<ul>\n<li>1 Porta-Chaves de Couro Personalizado.<\/li>\n<li>Bolsa transparente.<\/li>\n<\/ul>\n<p><u>Informa\u00e7\u00f5es adicionais:<\/u><\/p>\n<p>Medidas: 9,5 x 1,6 cm<\/p>\n<p>Material: Couro<\/p>\n","protected":false},"excerpt":{"rendered":"<p>Os nossos porta-chaves personalizados s\u00e3o o acess\u00f3rio mais giro da esta\u00e7\u00e3o.<\/p>\n","protected":false},"featured_media":2323,"comment_status":"open","ping_status":"closed","template":"","meta":{"_uag_custom_page_level_css":""},"product_brand":[],"product_cat":[86,102,19,29,101],"product_tag":[],"class_list":{"0":"post-2326","1":"product","2":"type-product","3":"status-publish","4":"has-post-thumbnail","6":"product_cat-acessorios","7":"product_cat-aniversarios","8":"product_cat-presentes","9":"product_cat-mulheres","10":"product_cat-professoras-educadoras-auxiliares","12":"first","13":"instock","14":"taxable","15":"shipping-taxable","16":"purchasable","17":"product-type-simple"},"uagb_featured_image_src":{"full":["https:\/\/frameyoustore.com\/wp-content\/uploads\/2024\/01\/123.png",1080,1080,false],"thumbnail":["https:\/\/frameyoustore.com\/wp-content\/uploads\/2024\/01\/123-150x150.png",150,150,true],"medium":["https:\/\/frameyoustore.com\/wp-content\/uploads\/2024\/01\/123-300x300.png",300,300,true],"medium_large":["https:\/\/frameyoustore.com\/wp-content\/uploads\/2024\/01\/123-768x768.png",768,768,true],"large":["https:\/\/frameyoustore.com\/wp-content\/uploads\/2024\/01\/123-1024x1024.png",1024,1024,true],"1536x1536":["https:\/\/frameyoustore.com\/wp-content\/uploads\/2024\/01\/123.png",1080,1080,false],"2048x2048":["https:\/\/frameyoustore.com\/wp-content\/uploads\/2024\/01\/123.png",1080,1080,false],"portfolio-thumb":["https:\/\/frameyoustore.com\/wp-content\/uploads\/2024\/01\/123-600x403.png",600,403,true],"nectar_small_square":["https:\/\/frameyoustore.com\/wp-content\/uploads\/2024\/01\/123-140x140.png",140,140,true],"portfolio-thumb_large":["https:\/\/frameyoustore.com\/wp-content\/uploads\/2024\/01\/123-900x604.png",900,604,true],"portfolio-thumb_small":["https:\/\/frameyoustore.com\/wp-content\/uploads\/2024\/01\/123-400x269.png",400,269,true],"portfolio-widget":["https:\/\/frameyoustore.com\/wp-content\/uploads\/2024\/01\/123-100x100.png",100,100,true],"regular":["https:\/\/frameyoustore.com\/wp-content\/uploads\/2024\/01\/123-500x500.png",500,500,true],"regular_photography":["https:\/\/frameyoustore.com\/wp-content\/uploads\/2024\/01\/123-450x600.png",450,600,true],"regular_small":["https:\/\/frameyoustore.com\/wp-content\/uploads\/2024\/01\/123-350x350.png",350,350,true],"regular_photography_small":["https:\/\/frameyoustore.com\/wp-content\/uploads\/2024\/01\/123-350x467.png",350,467,true],"wide_tall":["https:\/\/frameyoustore.com\/wp-content\/uploads\/2024\/01\/123-1000x1000.png",1000,1000,true],"wide_tall_photography":["https:\/\/frameyoustore.com\/wp-content\/uploads\/2024\/01\/123-900x1080.png",900,1080,true],"wide_photography":["https:\/\/frameyoustore.com\/wp-content\/uploads\/2024\/01\/123-900x600.png",900,600,true],"wide_photography_small":["https:\/\/frameyoustore.com\/wp-content\/uploads\/2024\/01\/123-675x450.png",675,450,true],"large_featured":["https:\/\/frameyoustore.com\/wp-content\/uploads\/2024\/01\/123-1080x770.png",1080,770,true],"medium_featured":["https:\/\/frameyoustore.com\/wp-content\/uploads\/2024\/01\/123-800x800.png",800,800,true],"woocommerce_thumbnail":["https:\/\/frameyoustore.com\/wp-content\/uploads\/2024\/01\/123-300x300.png",300,300,true],"woocommerce_single":["https:\/\/frameyoustore.com\/wp-content\/uploads\/2024\/01\/123-800x1000.png",800,1000,true],"woocommerce_gallery_thumbnail":["https:\/\/frameyoustore.com\/wp-content\/uploads\/2024\/01\/123-150x150.png",150,150,true]},"uagb_author_info":{"display_name":"Vanessa Soares","author_link":"https:\/\/frameyoustore.com\/index.php\/author\/"},"uagb_comment_info":0,"uagb_excerpt":"Os nossos porta-chaves personalizados s\u00e3o o acess\u00f3rio mais giro da esta\u00e7\u00e3o.","jetpack_sharing_enabled":true,"_links":{"self":[{"href":"https:\/\/frameyoustore.com\/index.php\/wp-json\/wp\/v2\/product\/2326","targetHints":{"allow":["GET"]}}],"collection":[{"href":"https:\/\/frameyoustore.com\/index.php\/wp-json\/wp\/v2\/product"}],"about":[{"href":"https:\/\/frameyoustore.com\/index.php\/wp-json\/wp\/v2\/types\/product"}],"replies":[{"embeddable":true,"href":"https:\/\/frameyoustore.com\/index.php\/wp-json\/wp\/v2\/comments?post=2326"}],"wp:featuredmedia":[{"embeddable":true,"href":"https:\/\/frameyoustore.com\/index.php\/wp-json\/wp\/v2\/media\/2323"}],"wp:attachment":[{"href":"https:\/\/frameyoustore.com\/index.php\/wp-json\/wp\/v2\/media?parent=2326"}],"wp:term":[{"taxonomy":"product_brand","embeddable":true,"href":"https:\/\/frameyoustore.com\/index.php\/wp-json\/wp\/v2\/product_brand?post=2326"},{"taxonomy":"product_cat","embeddable":true,"href":"https:\/\/frameyoustore.com\/index.php\/wp-json\/wp\/v2\/product_cat?post=2326"},{"taxonomy":"product_tag","embeddable":true,"href":"https:\/\/frameyoustore.com\/index.php\/wp-json\/wp\/v2\/product_tag?post=2326"}],"curies":[{"name":"wp","href":"https:\/\/api.w.org\/{rel}","templated":true}]}}