{"id":2333,"date":"2024-01-16T17:43:37","date_gmt":"2024-01-16T17:43:37","guid":{"rendered":"https:\/\/frameyoustore.com\/?post_type=product&#038;p=2333"},"modified":"2025-09-08T16:08:43","modified_gmt":"2025-09-08T16:08:43","slug":"garrafa-de-bolso","status":"publish","type":"product","link":"https:\/\/frameyoustore.com\/index.php\/produto\/garrafa-de-bolso\/","title":{"rendered":"Garrafa de Bolso &#8211; Personalizada"},"content":{"rendered":"<p>As nossas Garrafas de Bolso s\u00e3o o acess\u00f3rio perfeito para oferecer aos padrinhos. Podem ser personalizadas como mais gostares e t\u00eam a medida perfeita para o bolso do fato do convidado.<\/p>\n<p><u>O que inclui?<\/u><\/p>\n<ul>\n<li>1 Garrafa de Bolso &#8211; Personalizada<\/li>\n<\/ul>\n<p><u>Informa\u00e7\u00f5es adicionais:<\/u><\/p>\n<p>Material: A\u00e7o Inoxid\u00e1vel<\/p>\n","protected":false},"excerpt":{"rendered":"<p>As nossas Garrafas de Bolso s\u00e3o o acess\u00f3rio perfeito para oferecer aos padrinhos.<\/p>\n","protected":false},"featured_media":5958,"comment_status":"open","ping_status":"closed","template":"","meta":{"_uag_custom_page_level_css":""},"product_brand":[],"product_cat":[86,20,19,21,28],"product_tag":[],"class_list":{"0":"post-2333","1":"product","2":"type-product","3":"status-publish","4":"has-post-thumbnail","6":"product_cat-acessorios","7":"product_cat-casamentos","8":"product_cat-presentes","9":"product_cat-para-noivo","10":"product_cat-homens","12":"first","13":"instock","14":"taxable","15":"shipping-taxable","16":"purchasable","17":"product-type-simple"},"uagb_featured_image_src":{"full":["https:\/\/frameyoustore.com\/wp-content\/uploads\/2025\/09\/WhatsApp-Image-2025-09-08-at-16.43.55.jpeg",1481,1975,false],"thumbnail":["https:\/\/frameyoustore.com\/wp-content\/uploads\/2025\/09\/WhatsApp-Image-2025-09-08-at-16.43.55-150x150.jpeg",150,150,true],"medium":["https:\/\/frameyoustore.com\/wp-content\/uploads\/2025\/09\/WhatsApp-Image-2025-09-08-at-16.43.55-225x300.jpeg",225,300,true],"medium_large":["https:\/\/frameyoustore.com\/wp-content\/uploads\/2025\/09\/WhatsApp-Image-2025-09-08-at-16.43.55-768x1024.jpeg",768,1024,true],"large":["https:\/\/frameyoustore.com\/wp-content\/uploads\/2025\/09\/WhatsApp-Image-2025-09-08-at-16.43.55-768x1024.jpeg",768,1024,true],"1536x1536":["https:\/\/frameyoustore.com\/wp-content\/uploads\/2025\/09\/WhatsApp-Image-2025-09-08-at-16.43.55-1152x1536.jpeg",1152,1536,true],"2048x2048":["https:\/\/frameyoustore.com\/wp-content\/uploads\/2025\/09\/WhatsApp-Image-2025-09-08-at-16.43.55.jpeg",1481,1975,false],"portfolio-thumb":["https:\/\/frameyoustore.com\/wp-content\/uploads\/2025\/09\/WhatsApp-Image-2025-09-08-at-16.43.55-600x403.jpeg",600,403,true],"nectar_small_square":["https:\/\/frameyoustore.com\/wp-content\/uploads\/2025\/09\/WhatsApp-Image-2025-09-08-at-16.43.55-140x140.jpeg",140,140,true],"portfolio-thumb_large":["https:\/\/frameyoustore.com\/wp-content\/uploads\/2025\/09\/WhatsApp-Image-2025-09-08-at-16.43.55-900x604.jpeg",900,604,true],"portfolio-thumb_small":["https:\/\/frameyoustore.com\/wp-content\/uploads\/2025\/09\/WhatsApp-Image-2025-09-08-at-16.43.55-400x269.jpeg",400,269,true],"portfolio-widget":["https:\/\/frameyoustore.com\/wp-content\/uploads\/2025\/09\/WhatsApp-Image-2025-09-08-at-16.43.55-100x100.jpeg",100,100,true],"regular":["https:\/\/frameyoustore.com\/wp-content\/uploads\/2025\/09\/WhatsApp-Image-2025-09-08-at-16.43.55-500x500.jpeg",500,500,true],"regular_photography":["https:\/\/frameyoustore.com\/wp-content\/uploads\/2025\/09\/WhatsApp-Image-2025-09-08-at-16.43.55-450x600.jpeg",450,600,true],"regular_small":["https:\/\/frameyoustore.com\/wp-content\/uploads\/2025\/09\/WhatsApp-Image-2025-09-08-at-16.43.55-350x350.jpeg",350,350,true],"regular_photography_small":["https:\/\/frameyoustore.com\/wp-content\/uploads\/2025\/09\/WhatsApp-Image-2025-09-08-at-16.43.55-350x467.jpeg",350,467,true],"wide_tall":["https:\/\/frameyoustore.com\/wp-content\/uploads\/2025\/09\/WhatsApp-Image-2025-09-08-at-16.43.55-1000x1000.jpeg",1000,1000,true],"wide_tall_photography":["https:\/\/frameyoustore.com\/wp-content\/uploads\/2025\/09\/WhatsApp-Image-2025-09-08-at-16.43.55-900x1200.jpeg",900,1200,true],"wide_photography":["https:\/\/frameyoustore.com\/wp-content\/uploads\/2025\/09\/WhatsApp-Image-2025-09-08-at-16.43.55-900x600.jpeg",900,600,true],"wide_photography_small":["https:\/\/frameyoustore.com\/wp-content\/uploads\/2025\/09\/WhatsApp-Image-2025-09-08-at-16.43.55-675x450.jpeg",675,450,true],"large_featured":["https:\/\/frameyoustore.com\/wp-content\/uploads\/2025\/09\/WhatsApp-Image-2025-09-08-at-16.43.55-1481x770.jpeg",1481,770,true],"medium_featured":["https:\/\/frameyoustore.com\/wp-content\/uploads\/2025\/09\/WhatsApp-Image-2025-09-08-at-16.43.55-800x800.jpeg",800,800,true],"woocommerce_thumbnail":["https:\/\/frameyoustore.com\/wp-content\/uploads\/2025\/09\/WhatsApp-Image-2025-09-08-at-16.43.55-300x300.jpeg",300,300,true],"woocommerce_single":["https:\/\/frameyoustore.com\/wp-content\/uploads\/2025\/09\/WhatsApp-Image-2025-09-08-at-16.43.55-800x1000.jpeg",800,1000,true],"woocommerce_gallery_thumbnail":["https:\/\/frameyoustore.com\/wp-content\/uploads\/2025\/09\/WhatsApp-Image-2025-09-08-at-16.43.55-150x150.jpeg",150,150,true]},"uagb_author_info":{"display_name":"Vanessa Soares","author_link":"https:\/\/frameyoustore.com\/index.php\/author\/"},"uagb_comment_info":0,"uagb_excerpt":"As nossas Garrafas de Bolso s\u00e3o o acess\u00f3rio perfeito para oferecer aos padrinhos.","jetpack_sharing_enabled":true,"_links":{"self":[{"href":"https:\/\/frameyoustore.com\/index.php\/wp-json\/wp\/v2\/product\/2333","targetHints":{"allow":["GET"]}}],"collection":[{"href":"https:\/\/frameyoustore.com\/index.php\/wp-json\/wp\/v2\/product"}],"about":[{"href":"https:\/\/frameyoustore.com\/index.php\/wp-json\/wp\/v2\/types\/product"}],"replies":[{"embeddable":true,"href":"https:\/\/frameyoustore.com\/index.php\/wp-json\/wp\/v2\/comments?post=2333"}],"wp:featuredmedia":[{"embeddable":true,"href":"https:\/\/frameyoustore.com\/index.php\/wp-json\/wp\/v2\/media\/5958"}],"wp:attachment":[{"href":"https:\/\/frameyoustore.com\/index.php\/wp-json\/wp\/v2\/media?parent=2333"}],"wp:term":[{"taxonomy":"product_brand","embeddable":true,"href":"https:\/\/frameyoustore.com\/index.php\/wp-json\/wp\/v2\/product_brand?post=2333"},{"taxonomy":"product_cat","embeddable":true,"href":"https:\/\/frameyoustore.com\/index.php\/wp-json\/wp\/v2\/product_cat?post=2333"},{"taxonomy":"product_tag","embeddable":true,"href":"https:\/\/frameyoustore.com\/index.php\/wp-json\/wp\/v2\/product_tag?post=2333"}],"curies":[{"name":"wp","href":"https:\/\/api.w.org\/{rel}","templated":true}]}}