{"id":2387,"date":"2024-01-16T20:48:23","date_gmt":"2024-01-16T20:48:23","guid":{"rendered":"https:\/\/frameyoustore.com\/?post_type=product&#038;p=2387"},"modified":"2025-10-14T16:13:28","modified_gmt":"2025-10-14T16:13:28","slug":"kit-madrinha-de-casamento","status":"publish","type":"product","link":"https:\/\/frameyoustore.com\/index.php\/produto\/kit-madrinha-de-casamento\/","title":{"rendered":"KIT &#8211; Madrinha de Casamento"},"content":{"rendered":"<p>Kits Presente para ofereceres \u00e0 tua Madrinha de Casamento? N\u00f3s dizemos &#8221;Siiiiiim&#8221;!<\/p>\n<p>As nossas bolsas de juta personalizadas s\u00e3o o kit ideal para ofereceres \u00e0 tua &#8221;Bride Tribe&#8221;.<\/p>\n<p><u>O que inclui?<\/u><\/p>\n<ul>\n<li>1 Mala de Juta Personalizada;<\/li>\n<li>1 Pe\u00e7a em A\u00e7o Inoxid\u00e1vel (Na Imagem: Pulseira &#8221;N\u00f3&#8221;);<\/li>\n<li>1 Scrunchie com Mensagem &#8221;Madrinha de Casamento&#8217; (cor variada);<\/li>\n<li>1 Porta-Canetas com Mensagem;<\/li>\n<li>1 Caneta Personalizada;<\/li>\n<li>1 Postal Personalizado por ti.<\/li>\n<li>1 Par de \u00d3culos Cora\u00e7\u00e3o;<\/li>\n<\/ul>\n<p><u>Informa\u00e7\u00f5es adicionais:<\/u><\/p>\n<p>Porta-J\u00f3ias: 10x10x5 cm<\/p>\n<p>Material da Mala: 100% Juta<\/p>\n<p>Medida da Mala: 27&#215;22 cm<\/p>\n<p><u>Material das nossas pe\u00e7as:<\/u><\/p>\n<ul>\n<li>A\u00e7o Inoxid\u00e1vel (316 L) &#8211; Anti-al\u00e9rgico e n\u00e3o perde a cor.<\/li>\n<li>A vers\u00e3o dourada leva um Banho de Ouro 18K<\/li>\n<li>Sabe mais sobre as nossas pe\u00e7as\u00a0<strong><a href=\"https:\/\/frameyoustore.com\/index.php\/sobre-a-joalharia\/\">aqui.<\/a><\/strong><\/li>\n<\/ul>\n","protected":false},"excerpt":{"rendered":"<p>Kits Presente para ofereceres \u00e0 tua Madrinha de Casamento? N\u00f3s dizemos &#8221;Siiiiiim&#8221;!<\/p>\n","protected":false},"featured_media":5984,"comment_status":"open","ping_status":"closed","template":"","meta":{"_uag_custom_page_level_css":""},"product_brand":[],"product_cat":[20,24,19,29],"product_tag":[],"class_list":{"0":"post-2387","1":"product","2":"type-product","3":"status-publish","4":"has-post-thumbnail","6":"product_cat-casamentos","7":"product_cat-madrinhas-padrinhos","8":"product_cat-presentes","9":"product_cat-mulheres","11":"first","12":"instock","13":"taxable","14":"shipping-taxable","15":"purchasable","16":"product-type-simple"},"uagb_featured_image_src":{"full":["https:\/\/frameyoustore.com\/wp-content\/uploads\/2024\/01\/WhatsApp-Image-2025-09-06-at-15.01.34.jpeg",1159,1600,false],"thumbnail":["https:\/\/frameyoustore.com\/wp-content\/uploads\/2024\/01\/WhatsApp-Image-2025-09-06-at-15.01.34-150x150.jpeg",150,150,true],"medium":["https:\/\/frameyoustore.com\/wp-content\/uploads\/2024\/01\/WhatsApp-Image-2025-09-06-at-15.01.34-217x300.jpeg",217,300,true],"medium_large":["https:\/\/frameyoustore.com\/wp-content\/uploads\/2024\/01\/WhatsApp-Image-2025-09-06-at-15.01.34-768x1060.jpeg",768,1060,true],"large":["https:\/\/frameyoustore.com\/wp-content\/uploads\/2024\/01\/WhatsApp-Image-2025-09-06-at-15.01.34-742x1024.jpeg",742,1024,true],"1536x1536":["https:\/\/frameyoustore.com\/wp-content\/uploads\/2024\/01\/WhatsApp-Image-2025-09-06-at-15.01.34-1113x1536.jpeg",1113,1536,true],"2048x2048":["https:\/\/frameyoustore.com\/wp-content\/uploads\/2024\/01\/WhatsApp-Image-2025-09-06-at-15.01.34.jpeg",1159,1600,false],"portfolio-thumb":["https:\/\/frameyoustore.com\/wp-content\/uploads\/2024\/01\/WhatsApp-Image-2025-09-06-at-15.01.34-600x403.jpeg",600,403,true],"nectar_small_square":["https:\/\/frameyoustore.com\/wp-content\/uploads\/2024\/01\/WhatsApp-Image-2025-09-06-at-15.01.34-140x140.jpeg",140,140,true],"portfolio-thumb_large":["https:\/\/frameyoustore.com\/wp-content\/uploads\/2024\/01\/WhatsApp-Image-2025-09-06-at-15.01.34-900x604.jpeg",900,604,true],"portfolio-thumb_small":["https:\/\/frameyoustore.com\/wp-content\/uploads\/2024\/01\/WhatsApp-Image-2025-09-06-at-15.01.34-400x269.jpeg",400,269,true],"portfolio-widget":["https:\/\/frameyoustore.com\/wp-content\/uploads\/2024\/01\/WhatsApp-Image-2025-09-06-at-15.01.34-100x100.jpeg",100,100,true],"regular":["https:\/\/frameyoustore.com\/wp-content\/uploads\/2024\/01\/WhatsApp-Image-2025-09-06-at-15.01.34-500x500.jpeg",500,500,true],"regular_photography":["https:\/\/frameyoustore.com\/wp-content\/uploads\/2024\/01\/WhatsApp-Image-2025-09-06-at-15.01.34-450x600.jpeg",450,600,true],"regular_small":["https:\/\/frameyoustore.com\/wp-content\/uploads\/2024\/01\/WhatsApp-Image-2025-09-06-at-15.01.34-350x350.jpeg",350,350,true],"regular_photography_small":["https:\/\/frameyoustore.com\/wp-content\/uploads\/2024\/01\/WhatsApp-Image-2025-09-06-at-15.01.34-350x467.jpeg",350,467,true],"wide_tall":["https:\/\/frameyoustore.com\/wp-content\/uploads\/2024\/01\/WhatsApp-Image-2025-09-06-at-15.01.34-1000x1000.jpeg",1000,1000,true],"wide_tall_photography":["https:\/\/frameyoustore.com\/wp-content\/uploads\/2024\/01\/WhatsApp-Image-2025-09-06-at-15.01.34-900x1200.jpeg",900,1200,true],"wide_photography":["https:\/\/frameyoustore.com\/wp-content\/uploads\/2024\/01\/WhatsApp-Image-2025-09-06-at-15.01.34-900x600.jpeg",900,600,true],"wide_photography_small":["https:\/\/frameyoustore.com\/wp-content\/uploads\/2024\/01\/WhatsApp-Image-2025-09-06-at-15.01.34-675x450.jpeg",675,450,true],"large_featured":["https:\/\/frameyoustore.com\/wp-content\/uploads\/2024\/01\/WhatsApp-Image-2025-09-06-at-15.01.34-1159x770.jpeg",1159,770,true],"medium_featured":["https:\/\/frameyoustore.com\/wp-content\/uploads\/2024\/01\/WhatsApp-Image-2025-09-06-at-15.01.34-800x800.jpeg",800,800,true],"woocommerce_thumbnail":["https:\/\/frameyoustore.com\/wp-content\/uploads\/2024\/01\/WhatsApp-Image-2025-09-06-at-15.01.34-300x300.jpeg",300,300,true],"woocommerce_single":["https:\/\/frameyoustore.com\/wp-content\/uploads\/2024\/01\/WhatsApp-Image-2025-09-06-at-15.01.34-800x1000.jpeg",800,1000,true],"woocommerce_gallery_thumbnail":["https:\/\/frameyoustore.com\/wp-content\/uploads\/2024\/01\/WhatsApp-Image-2025-09-06-at-15.01.34-150x150.jpeg",150,150,true]},"uagb_author_info":{"display_name":"Vanessa Soares","author_link":"https:\/\/frameyoustore.com\/index.php\/author\/"},"uagb_comment_info":0,"uagb_excerpt":"Kits Presente para ofereceres \u00e0 tua Madrinha de Casamento? N\u00f3s dizemos ''Siiiiiim''!","jetpack_sharing_enabled":true,"_links":{"self":[{"href":"https:\/\/frameyoustore.com\/index.php\/wp-json\/wp\/v2\/product\/2387","targetHints":{"allow":["GET"]}}],"collection":[{"href":"https:\/\/frameyoustore.com\/index.php\/wp-json\/wp\/v2\/product"}],"about":[{"href":"https:\/\/frameyoustore.com\/index.php\/wp-json\/wp\/v2\/types\/product"}],"replies":[{"embeddable":true,"href":"https:\/\/frameyoustore.com\/index.php\/wp-json\/wp\/v2\/comments?post=2387"}],"wp:featuredmedia":[{"embeddable":true,"href":"https:\/\/frameyoustore.com\/index.php\/wp-json\/wp\/v2\/media\/5984"}],"wp:attachment":[{"href":"https:\/\/frameyoustore.com\/index.php\/wp-json\/wp\/v2\/media?parent=2387"}],"wp:term":[{"taxonomy":"product_brand","embeddable":true,"href":"https:\/\/frameyoustore.com\/index.php\/wp-json\/wp\/v2\/product_brand?post=2387"},{"taxonomy":"product_cat","embeddable":true,"href":"https:\/\/frameyoustore.com\/index.php\/wp-json\/wp\/v2\/product_cat?post=2387"},{"taxonomy":"product_tag","embeddable":true,"href":"https:\/\/frameyoustore.com\/index.php\/wp-json\/wp\/v2\/product_tag?post=2387"}],"curies":[{"name":"wp","href":"https:\/\/api.w.org\/{rel}","templated":true}]}}