{"id":2606,"date":"2024-01-24T10:12:11","date_gmt":"2024-01-24T10:12:11","guid":{"rendered":"https:\/\/frameyoustore.com\/?post_type=product&#038;p=2606"},"modified":"2026-02-08T21:54:53","modified_gmt":"2026-02-08T21:54:53","slug":"frameyou-para-ti-amiga","status":"publish","type":"product","link":"https:\/\/frameyoustore.com\/index.php\/produto\/frameyou-para-ti-amiga\/","title":{"rendered":"FrameYou &#8211; Para ti, Amiga"},"content":{"rendered":"<p>Surpreende a tua amiga do cora\u00e7\u00e3o com este presente inesquec\u00edvel.<\/p>\n<p>As nossas FrameYou s\u00e3o o presente ideal para quem procura oferecer um presente original e que ficar\u00e1 na mem\u00f3ria de qualquer pessoa. Ah, e mais: garantimos que a tua amiga nunca mais vai querer &#8221;tirar&#8221; o teu presente!<\/p>\n<p><u>O que inclui?<\/u><\/p>\n<ul>\n<li>1 Caixa de Presente totalmente personalizada;<\/li>\n<li>1 Colar Madre P\u00e9rola;<\/li>\n<li>1 Fotografia (\u00e9 opcional e gr\u00e1tis).<\/li>\n<\/ul>\n<p><strong>Todas as FrameYou v\u00e3o acompanhadas de uma bolsa presente personalizada.<\/strong><\/p>\n<p><u>Material das nossas pe\u00e7as:<\/u><\/p>\n<ul>\n<li>A\u00e7o Inoxid\u00e1vel (316 L);<\/li>\n<li>Banho de Ouro 18K;<\/li>\n<li>Sabe mais sobre as nossas pe\u00e7as\u00a0<strong><a href=\"https:\/\/frameyoustore.com\/index.php\/sobre-a-joalharia\/\">aqui.<\/a><\/strong><\/li>\n<\/ul>\n<p><u>Informa\u00e7\u00e3o adicional<\/u>: Queres esta FrameYou com outro colar ou pulseira? Cria a tua FrameYou totalmente personalizada <strong><a href=\"https:\/\/frameyoustore.com\/index.php\/produto\/cria-a-tua-frameyou\/\">aqui.<\/a><\/strong><\/p>\n","protected":false},"excerpt":{"rendered":"<p>Surpreende a tua amiga do cora\u00e7\u00e3o com este presente inesquec\u00edvel.<\/p>\n","protected":false},"featured_media":2552,"comment_status":"open","ping_status":"closed","template":"","meta":{"_uag_custom_page_level_css":""},"product_brand":[],"product_cat":[102,27,19,29,99],"product_tag":[],"class_list":{"0":"post-2606","1":"product","2":"type-product","3":"status-publish","4":"has-post-thumbnail","6":"product_cat-aniversarios","7":"product_cat-frame-you","8":"product_cat-presentes","9":"product_cat-mulheres","10":"product_cat-saldos","12":"first","13":"instock","14":"sale","15":"taxable","16":"shipping-taxable","17":"purchasable","18":"product-type-simple"},"uagb_featured_image_src":{"full":["https:\/\/frameyoustore.com\/wp-content\/uploads\/2024\/01\/IMG_1426-scaled.jpg",1920,2560,false],"thumbnail":["https:\/\/frameyoustore.com\/wp-content\/uploads\/2024\/01\/IMG_1426-150x150.jpg",150,150,true],"medium":["https:\/\/frameyoustore.com\/wp-content\/uploads\/2024\/01\/IMG_1426-225x300.jpg",225,300,true],"medium_large":["https:\/\/frameyoustore.com\/wp-content\/uploads\/2024\/01\/IMG_1426-768x1024.jpg",768,1024,true],"large":["https:\/\/frameyoustore.com\/wp-content\/uploads\/2024\/01\/IMG_1426-768x1024.jpg",768,1024,true],"1536x1536":["https:\/\/frameyoustore.com\/wp-content\/uploads\/2024\/01\/IMG_1426-1152x1536.jpg",1152,1536,true],"2048x2048":["https:\/\/frameyoustore.com\/wp-content\/uploads\/2024\/01\/IMG_1426-1536x2048.jpg",1536,2048,true],"portfolio-thumb":["https:\/\/frameyoustore.com\/wp-content\/uploads\/2024\/01\/IMG_1426-600x403.jpg",600,403,true],"nectar_small_square":["https:\/\/frameyoustore.com\/wp-content\/uploads\/2024\/01\/IMG_1426-140x140.jpg",140,140,true],"portfolio-thumb_large":["https:\/\/frameyoustore.com\/wp-content\/uploads\/2024\/01\/IMG_1426-900x604.jpg",900,604,true],"portfolio-thumb_small":["https:\/\/frameyoustore.com\/wp-content\/uploads\/2024\/01\/IMG_1426-400x269.jpg",400,269,true],"portfolio-widget":["https:\/\/frameyoustore.com\/wp-content\/uploads\/2024\/01\/IMG_1426-100x100.jpg",100,100,true],"regular":["https:\/\/frameyoustore.com\/wp-content\/uploads\/2024\/01\/IMG_1426-500x500.jpg",500,500,true],"regular_photography":["https:\/\/frameyoustore.com\/wp-content\/uploads\/2024\/01\/IMG_1426-450x600.jpg",450,600,true],"regular_small":["https:\/\/frameyoustore.com\/wp-content\/uploads\/2024\/01\/IMG_1426-350x350.jpg",350,350,true],"regular_photography_small":["https:\/\/frameyoustore.com\/wp-content\/uploads\/2024\/01\/IMG_1426-350x467.jpg",350,467,true],"wide_tall":["https:\/\/frameyoustore.com\/wp-content\/uploads\/2024\/01\/IMG_1426-1000x1000.jpg",1000,1000,true],"wide_tall_photography":["https:\/\/frameyoustore.com\/wp-content\/uploads\/2024\/01\/IMG_1426-900x1200.jpg",900,1200,true],"wide_photography":["https:\/\/frameyoustore.com\/wp-content\/uploads\/2024\/01\/IMG_1426-900x600.jpg",900,600,true],"wide_photography_small":["https:\/\/frameyoustore.com\/wp-content\/uploads\/2024\/01\/IMG_1426-675x450.jpg",675,450,true],"large_featured":["https:\/\/frameyoustore.com\/wp-content\/uploads\/2024\/01\/IMG_1426-1870x770.jpg",1870,770,true],"medium_featured":["https:\/\/frameyoustore.com\/wp-content\/uploads\/2024\/01\/IMG_1426-800x800.jpg",800,800,true],"woocommerce_thumbnail":["https:\/\/frameyoustore.com\/wp-content\/uploads\/2024\/01\/IMG_1426-300x300.jpg",300,300,true],"woocommerce_single":["https:\/\/frameyoustore.com\/wp-content\/uploads\/2024\/01\/IMG_1426-800x1000.jpg",800,1000,true],"woocommerce_gallery_thumbnail":["https:\/\/frameyoustore.com\/wp-content\/uploads\/2024\/01\/IMG_1426-150x150.jpg",150,150,true]},"uagb_author_info":{"display_name":"Vanessa Soares","author_link":"https:\/\/frameyoustore.com\/index.php\/author\/"},"uagb_comment_info":0,"uagb_excerpt":"Surpreende a tua amiga do cora\u00e7\u00e3o com este presente inesquec\u00edvel.","jetpack_sharing_enabled":true,"_links":{"self":[{"href":"https:\/\/frameyoustore.com\/index.php\/wp-json\/wp\/v2\/product\/2606","targetHints":{"allow":["GET"]}}],"collection":[{"href":"https:\/\/frameyoustore.com\/index.php\/wp-json\/wp\/v2\/product"}],"about":[{"href":"https:\/\/frameyoustore.com\/index.php\/wp-json\/wp\/v2\/types\/product"}],"replies":[{"embeddable":true,"href":"https:\/\/frameyoustore.com\/index.php\/wp-json\/wp\/v2\/comments?post=2606"}],"wp:featuredmedia":[{"embeddable":true,"href":"https:\/\/frameyoustore.com\/index.php\/wp-json\/wp\/v2\/media\/2552"}],"wp:attachment":[{"href":"https:\/\/frameyoustore.com\/index.php\/wp-json\/wp\/v2\/media?parent=2606"}],"wp:term":[{"taxonomy":"product_brand","embeddable":true,"href":"https:\/\/frameyoustore.com\/index.php\/wp-json\/wp\/v2\/product_brand?post=2606"},{"taxonomy":"product_cat","embeddable":true,"href":"https:\/\/frameyoustore.com\/index.php\/wp-json\/wp\/v2\/product_cat?post=2606"},{"taxonomy":"product_tag","embeddable":true,"href":"https:\/\/frameyoustore.com\/index.php\/wp-json\/wp\/v2\/product_tag?post=2606"}],"curies":[{"name":"wp","href":"https:\/\/api.w.org\/{rel}","templated":true}]}}