{"id":2627,"date":"2024-01-24T14:28:38","date_gmt":"2024-01-24T14:28:38","guid":{"rendered":"https:\/\/frameyoustore.com\/?post_type=product&#038;p=2627"},"modified":"2025-09-16T14:56:23","modified_gmt":"2025-09-16T14:56:23","slug":"frameyou-pinkie-mood","status":"publish","type":"product","link":"https:\/\/frameyoustore.com\/index.php\/produto\/frameyou-pinkie-mood\/","title":{"rendered":"FrameYou &#8211; Feliz Anivers\u00e1rio"},"content":{"rendered":"<p>Surpreende algu\u00e9m muito especial com este presente inesquec\u00edvel.<\/p>\n<p>As nossas FrameYou s\u00e3o o presente ideal para quem procura oferecer um presente original e que ficar\u00e1 na mem\u00f3ria de qualquer pessoa. Ah, e mais: garantimos que a pessoa nunca mais vai querer &#8221;tirar&#8221; o teu presente!<\/p>\n<p><u>O que inclui?<\/u><\/p>\n<ul>\n<li>1 Caixa de Presente totalmente personalizada;<\/li>\n<li>1 Colar Madre P\u00e9rola;<\/li>\n<li>1 Fotografia (\u00e9 opcional e gr\u00e1tis);<\/li>\n<\/ul>\n<p><strong>Todas as FrameYou v\u00e3o acompanhadas de uma bolsa presente personalizada.<\/strong><\/p>\n<p><u>Material das nossas pe\u00e7as:<\/u><\/p>\n<ul>\n<li>A\u00e7o Inoxid\u00e1vel (316 L)<\/li>\n<li>Banho de Ouro 18K<\/li>\n<li>Sabe mais sobre as nossas pe\u00e7as\u00a0<strong><a href=\"https:\/\/frameyoustore.com\/index.php\/sobre-a-joalharia\/\">aqui.<\/a><\/strong><\/li>\n<\/ul>\n<p><u>Informa\u00e7\u00e3o adicional<\/u>: Queres esta FrameYou com outro colar ou pulseira? Cria a tua FrameYou totalmente personalizada <strong><a href=\"https:\/\/frameyoustore.com\/index.php\/produto\/cria-a-tua-frameyou\/\">aqui.<\/a><\/strong><\/p>\n","protected":false},"excerpt":{"rendered":"<p>Surpreende algu\u00e9m muito especial com este presente personalizado (e que ser\u00e1 inesquec\u00edvel)!<\/p>\n","protected":false},"featured_media":2595,"comment_status":"open","ping_status":"closed","template":"","meta":{"_uag_custom_page_level_css":""},"product_brand":[],"product_cat":[102,27,19,29,99],"product_tag":[],"class_list":{"0":"post-2627","1":"product","2":"type-product","3":"status-publish","4":"has-post-thumbnail","6":"product_cat-aniversarios","7":"product_cat-frame-you","8":"product_cat-presentes","9":"product_cat-mulheres","10":"product_cat-saldos","12":"first","13":"instock","14":"sale","15":"taxable","16":"shipping-taxable","17":"purchasable","18":"product-type-simple"},"uagb_featured_image_src":{"full":["https:\/\/frameyoustore.com\/wp-content\/uploads\/2024\/01\/IMG_1674-scaled.jpg",1920,2560,false],"thumbnail":["https:\/\/frameyoustore.com\/wp-content\/uploads\/2024\/01\/IMG_1674-150x150.jpg",150,150,true],"medium":["https:\/\/frameyoustore.com\/wp-content\/uploads\/2024\/01\/IMG_1674-225x300.jpg",225,300,true],"medium_large":["https:\/\/frameyoustore.com\/wp-content\/uploads\/2024\/01\/IMG_1674-768x1024.jpg",768,1024,true],"large":["https:\/\/frameyoustore.com\/wp-content\/uploads\/2024\/01\/IMG_1674-768x1024.jpg",768,1024,true],"1536x1536":["https:\/\/frameyoustore.com\/wp-content\/uploads\/2024\/01\/IMG_1674-1152x1536.jpg",1152,1536,true],"2048x2048":["https:\/\/frameyoustore.com\/wp-content\/uploads\/2024\/01\/IMG_1674-1536x2048.jpg",1536,2048,true],"portfolio-thumb":["https:\/\/frameyoustore.com\/wp-content\/uploads\/2024\/01\/IMG_1674-600x403.jpg",600,403,true],"nectar_small_square":["https:\/\/frameyoustore.com\/wp-content\/uploads\/2024\/01\/IMG_1674-140x140.jpg",140,140,true],"portfolio-thumb_large":["https:\/\/frameyoustore.com\/wp-content\/uploads\/2024\/01\/IMG_1674-900x604.jpg",900,604,true],"portfolio-thumb_small":["https:\/\/frameyoustore.com\/wp-content\/uploads\/2024\/01\/IMG_1674-400x269.jpg",400,269,true],"portfolio-widget":["https:\/\/frameyoustore.com\/wp-content\/uploads\/2024\/01\/IMG_1674-100x100.jpg",100,100,true],"regular":["https:\/\/frameyoustore.com\/wp-content\/uploads\/2024\/01\/IMG_1674-500x500.jpg",500,500,true],"regular_photography":["https:\/\/frameyoustore.com\/wp-content\/uploads\/2024\/01\/IMG_1674-450x600.jpg",450,600,true],"regular_small":["https:\/\/frameyoustore.com\/wp-content\/uploads\/2024\/01\/IMG_1674-350x350.jpg",350,350,true],"regular_photography_small":["https:\/\/frameyoustore.com\/wp-content\/uploads\/2024\/01\/IMG_1674-350x467.jpg",350,467,true],"wide_tall":["https:\/\/frameyoustore.com\/wp-content\/uploads\/2024\/01\/IMG_1674-1000x1000.jpg",1000,1000,true],"wide_tall_photography":["https:\/\/frameyoustore.com\/wp-content\/uploads\/2024\/01\/IMG_1674-900x1200.jpg",900,1200,true],"wide_photography":["https:\/\/frameyoustore.com\/wp-content\/uploads\/2024\/01\/IMG_1674-900x600.jpg",900,600,true],"wide_photography_small":["https:\/\/frameyoustore.com\/wp-content\/uploads\/2024\/01\/IMG_1674-675x450.jpg",675,450,true],"large_featured":["https:\/\/frameyoustore.com\/wp-content\/uploads\/2024\/01\/IMG_1674-1870x770.jpg",1870,770,true],"medium_featured":["https:\/\/frameyoustore.com\/wp-content\/uploads\/2024\/01\/IMG_1674-800x800.jpg",800,800,true],"woocommerce_thumbnail":["https:\/\/frameyoustore.com\/wp-content\/uploads\/2024\/01\/IMG_1674-300x300.jpg",300,300,true],"woocommerce_single":["https:\/\/frameyoustore.com\/wp-content\/uploads\/2024\/01\/IMG_1674-800x1000.jpg",800,1000,true],"woocommerce_gallery_thumbnail":["https:\/\/frameyoustore.com\/wp-content\/uploads\/2024\/01\/IMG_1674-150x150.jpg",150,150,true]},"uagb_author_info":{"display_name":"Vanessa Soares","author_link":"https:\/\/frameyoustore.com\/index.php\/author\/"},"uagb_comment_info":0,"uagb_excerpt":"Surpreende algu\u00e9m muito especial com este presente personalizado (e que ser\u00e1 inesquec\u00edvel)!","jetpack_sharing_enabled":true,"_links":{"self":[{"href":"https:\/\/frameyoustore.com\/index.php\/wp-json\/wp\/v2\/product\/2627","targetHints":{"allow":["GET"]}}],"collection":[{"href":"https:\/\/frameyoustore.com\/index.php\/wp-json\/wp\/v2\/product"}],"about":[{"href":"https:\/\/frameyoustore.com\/index.php\/wp-json\/wp\/v2\/types\/product"}],"replies":[{"embeddable":true,"href":"https:\/\/frameyoustore.com\/index.php\/wp-json\/wp\/v2\/comments?post=2627"}],"wp:featuredmedia":[{"embeddable":true,"href":"https:\/\/frameyoustore.com\/index.php\/wp-json\/wp\/v2\/media\/2595"}],"wp:attachment":[{"href":"https:\/\/frameyoustore.com\/index.php\/wp-json\/wp\/v2\/media?parent=2627"}],"wp:term":[{"taxonomy":"product_brand","embeddable":true,"href":"https:\/\/frameyoustore.com\/index.php\/wp-json\/wp\/v2\/product_brand?post=2627"},{"taxonomy":"product_cat","embeddable":true,"href":"https:\/\/frameyoustore.com\/index.php\/wp-json\/wp\/v2\/product_cat?post=2627"},{"taxonomy":"product_tag","embeddable":true,"href":"https:\/\/frameyoustore.com\/index.php\/wp-json\/wp\/v2\/product_tag?post=2627"}],"curies":[{"name":"wp","href":"https:\/\/api.w.org\/{rel}","templated":true}]}}