{"id":2649,"date":"2024-01-24T15:08:25","date_gmt":"2024-01-24T15:08:25","guid":{"rendered":"https:\/\/frameyoustore.com\/?post_type=product&#038;p=2649"},"modified":"2025-06-04T20:07:45","modified_gmt":"2025-06-04T20:07:45","slug":"frameyou-foste-promovida","status":"publish","type":"product","link":"https:\/\/frameyoustore.com\/index.php\/produto\/frameyou-foste-promovida\/","title":{"rendered":"FrameYou &#8211; Promovida a Madrinha"},"content":{"rendered":"<p>Procuras o presente ideal para convidares algu\u00e9m muito especial para ser madrinha do\/a teu\/tua filhote\/a?<\/p>\n<p>As nossas FrameYou s\u00e3o o presente ideal para quem procura oferecer um presente original e que ficar\u00e1 na mem\u00f3ria de qualquer pessoa. Ah, e mais: garantimos que a pessoa nunca mais vai querer &#8221;tirar&#8221; o teu presente!<\/p>\n<p><u>O que inclui?<\/u><\/p>\n<ul>\n<li>1 Caixa de Presente totalmente personalizada;<\/li>\n<li>1 Colar Duplo Cora\u00e7\u00e3o;<\/li>\n<li>1 Fotografia (\u00e9 opcional e gr\u00e1tis).<\/li>\n<\/ul>\n<p><strong>Todas as FrameYou v\u00e3o acompanhadas de uma bolsa presente personalizada.<\/strong><\/p>\n<p><u>Material das nossas pe\u00e7as:<\/u><\/p>\n<ul>\n<li>A\u00e7o Inoxid\u00e1vel (316 L);<\/li>\n<li>A vers\u00e3o dourada leva um Banho de Ouro 18K;<\/li>\n<li>Sabe mais sobre as nossas pe\u00e7as\u00a0<strong><a href=\"https:\/\/frameyoustore.com\/index.php\/sobre-a-joalharia\/\">aqui.<\/a><\/strong><\/li>\n<\/ul>\n<div class=\"woocommerce-tabs wc-tabs-wrapper full-width-tabs\" data-tab-style=\"fullwidth\">\n<div id=\"tab-description\" class=\"woocommerce-Tabs-panel woocommerce-Tabs-panel--description panel entry-content wc-tab\" role=\"tabpanel\" aria-labelledby=\"tab-title-description\">\n<p><u>Informa\u00e7\u00e3o adicional<\/u>: Queres esta FrameYou com outro colar ou pulseira? Cria a tua FrameYou totalmente personalizada\u00a0<strong><a href=\"https:\/\/frameyoustore.com\/index.php\/produto\/cria-a-tua-frameyou\/\">aqui.<\/a><\/strong><\/p>\n<\/div>\n<\/div>\n","protected":false},"excerpt":{"rendered":"<p>Procuras o presente ideal para convidares algu\u00e9m muito especial para ser madrinha do\/a teu\/tua filhote\/a?<\/p>\n","protected":false},"featured_media":5270,"comment_status":"open","ping_status":"closed","template":"","meta":{"_uag_custom_page_level_css":""},"product_brand":[],"product_cat":[27,23,19,29],"product_tag":[],"class_list":{"0":"post-2649","1":"product","2":"type-product","3":"status-publish","4":"has-post-thumbnail","6":"product_cat-frame-you","7":"product_cat-mama-bebe","8":"product_cat-presentes","9":"product_cat-mulheres","11":"first","12":"instock","13":"taxable","14":"shipping-taxable","15":"purchasable","16":"product-type-simple"},"uagb_featured_image_src":{"full":["https:\/\/frameyoustore.com\/wp-content\/uploads\/2024\/01\/WhatsApp-Image-2025-06-04-at-21.03.52.jpeg",1120,1449,false],"thumbnail":["https:\/\/frameyoustore.com\/wp-content\/uploads\/2024\/01\/WhatsApp-Image-2025-06-04-at-21.03.52-150x150.jpeg",150,150,true],"medium":["https:\/\/frameyoustore.com\/wp-content\/uploads\/2024\/01\/WhatsApp-Image-2025-06-04-at-21.03.52-232x300.jpeg",232,300,true],"medium_large":["https:\/\/frameyoustore.com\/wp-content\/uploads\/2024\/01\/WhatsApp-Image-2025-06-04-at-21.03.52-768x994.jpeg",768,994,true],"large":["https:\/\/frameyoustore.com\/wp-content\/uploads\/2024\/01\/WhatsApp-Image-2025-06-04-at-21.03.52-791x1024.jpeg",791,1024,true],"1536x1536":["https:\/\/frameyoustore.com\/wp-content\/uploads\/2024\/01\/WhatsApp-Image-2025-06-04-at-21.03.52.jpeg",1120,1449,false],"2048x2048":["https:\/\/frameyoustore.com\/wp-content\/uploads\/2024\/01\/WhatsApp-Image-2025-06-04-at-21.03.52.jpeg",1120,1449,false],"portfolio-thumb":["https:\/\/frameyoustore.com\/wp-content\/uploads\/2024\/01\/WhatsApp-Image-2025-06-04-at-21.03.52-600x403.jpeg",600,403,true],"nectar_small_square":["https:\/\/frameyoustore.com\/wp-content\/uploads\/2024\/01\/WhatsApp-Image-2025-06-04-at-21.03.52-140x140.jpeg",140,140,true],"portfolio-thumb_large":["https:\/\/frameyoustore.com\/wp-content\/uploads\/2024\/01\/WhatsApp-Image-2025-06-04-at-21.03.52-900x604.jpeg",900,604,true],"portfolio-thumb_small":["https:\/\/frameyoustore.com\/wp-content\/uploads\/2024\/01\/WhatsApp-Image-2025-06-04-at-21.03.52-400x269.jpeg",400,269,true],"portfolio-widget":["https:\/\/frameyoustore.com\/wp-content\/uploads\/2024\/01\/WhatsApp-Image-2025-06-04-at-21.03.52-100x100.jpeg",100,100,true],"regular":["https:\/\/frameyoustore.com\/wp-content\/uploads\/2024\/01\/WhatsApp-Image-2025-06-04-at-21.03.52-500x500.jpeg",500,500,true],"regular_photography":["https:\/\/frameyoustore.com\/wp-content\/uploads\/2024\/01\/WhatsApp-Image-2025-06-04-at-21.03.52-450x600.jpeg",450,600,true],"regular_small":["https:\/\/frameyoustore.com\/wp-content\/uploads\/2024\/01\/WhatsApp-Image-2025-06-04-at-21.03.52-350x350.jpeg",350,350,true],"regular_photography_small":["https:\/\/frameyoustore.com\/wp-content\/uploads\/2024\/01\/WhatsApp-Image-2025-06-04-at-21.03.52-350x467.jpeg",350,467,true],"wide_tall":["https:\/\/frameyoustore.com\/wp-content\/uploads\/2024\/01\/WhatsApp-Image-2025-06-04-at-21.03.52-1000x1000.jpeg",1000,1000,true],"wide_tall_photography":["https:\/\/frameyoustore.com\/wp-content\/uploads\/2024\/01\/WhatsApp-Image-2025-06-04-at-21.03.52-900x1200.jpeg",900,1200,true],"wide_photography":["https:\/\/frameyoustore.com\/wp-content\/uploads\/2024\/01\/WhatsApp-Image-2025-06-04-at-21.03.52-900x600.jpeg",900,600,true],"wide_photography_small":["https:\/\/frameyoustore.com\/wp-content\/uploads\/2024\/01\/WhatsApp-Image-2025-06-04-at-21.03.52-675x450.jpeg",675,450,true],"large_featured":["https:\/\/frameyoustore.com\/wp-content\/uploads\/2024\/01\/WhatsApp-Image-2025-06-04-at-21.03.52-1120x770.jpeg",1120,770,true],"medium_featured":["https:\/\/frameyoustore.com\/wp-content\/uploads\/2024\/01\/WhatsApp-Image-2025-06-04-at-21.03.52-800x800.jpeg",800,800,true],"woocommerce_thumbnail":["https:\/\/frameyoustore.com\/wp-content\/uploads\/2024\/01\/WhatsApp-Image-2025-06-04-at-21.03.52-300x300.jpeg",300,300,true],"woocommerce_single":["https:\/\/frameyoustore.com\/wp-content\/uploads\/2024\/01\/WhatsApp-Image-2025-06-04-at-21.03.52-800x1000.jpeg",800,1000,true],"woocommerce_gallery_thumbnail":["https:\/\/frameyoustore.com\/wp-content\/uploads\/2024\/01\/WhatsApp-Image-2025-06-04-at-21.03.52-150x150.jpeg",150,150,true]},"uagb_author_info":{"display_name":"Vanessa Soares","author_link":"https:\/\/frameyoustore.com\/index.php\/author\/"},"uagb_comment_info":0,"uagb_excerpt":"Procuras o presente ideal para convidares algu\u00e9m muito especial para ser madrinha do\/a teu\/tua filhote\/a?","jetpack_sharing_enabled":true,"_links":{"self":[{"href":"https:\/\/frameyoustore.com\/index.php\/wp-json\/wp\/v2\/product\/2649","targetHints":{"allow":["GET"]}}],"collection":[{"href":"https:\/\/frameyoustore.com\/index.php\/wp-json\/wp\/v2\/product"}],"about":[{"href":"https:\/\/frameyoustore.com\/index.php\/wp-json\/wp\/v2\/types\/product"}],"replies":[{"embeddable":true,"href":"https:\/\/frameyoustore.com\/index.php\/wp-json\/wp\/v2\/comments?post=2649"}],"wp:featuredmedia":[{"embeddable":true,"href":"https:\/\/frameyoustore.com\/index.php\/wp-json\/wp\/v2\/media\/5270"}],"wp:attachment":[{"href":"https:\/\/frameyoustore.com\/index.php\/wp-json\/wp\/v2\/media?parent=2649"}],"wp:term":[{"taxonomy":"product_brand","embeddable":true,"href":"https:\/\/frameyoustore.com\/index.php\/wp-json\/wp\/v2\/product_brand?post=2649"},{"taxonomy":"product_cat","embeddable":true,"href":"https:\/\/frameyoustore.com\/index.php\/wp-json\/wp\/v2\/product_cat?post=2649"},{"taxonomy":"product_tag","embeddable":true,"href":"https:\/\/frameyoustore.com\/index.php\/wp-json\/wp\/v2\/product_tag?post=2649"}],"curies":[{"name":"wp","href":"https:\/\/api.w.org\/{rel}","templated":true}]}}