{"id":3056,"date":"2024-01-30T10:41:48","date_gmt":"2024-01-30T10:41:48","guid":{"rendered":"https:\/\/frameyoustore.com\/?post_type=product&#038;p=3056"},"modified":"2025-08-25T09:47:40","modified_gmt":"2025-08-25T09:47:40","slug":"colar-coracao-personalizado","status":"publish","type":"product","link":"https:\/\/frameyoustore.com\/index.php\/produto\/colar-coracao-personalizado\/","title":{"rendered":"Colar Cora\u00e7\u00e3o &#8211; Personalizado"},"content":{"rendered":"<div class=\"woocommerce-product-details__short-description\">\n<div class=\"woocommerce-product-details__short-description\">\n<p>O nosso Colar Cora\u00e7\u00e3o \u00e9 uma pe\u00e7a intemporal. Perfeita para quem procura um colar discreto, mas cheio de significado.<\/p>\n<\/div>\n<\/div>\n<p><u>Medidas:<\/u><\/p>\n<ul>\n<li>Pendente: Cora\u00e7\u00e3o (15 mm)<\/li>\n<li>Comprimento: 40 cm<\/li>\n<li>Extensor: 4 cm<\/li>\n<\/ul>\n<p><u>Material das nossas pe\u00e7as:<\/u><\/p>\n<ul>\n<li>A\u00e7o Inoxid\u00e1vel (316 L);<\/li>\n<li>A vers\u00e3o dourada leva um Banho de Ouro 18K;<\/li>\n<li>Sabe mais sobre as nossas pe\u00e7as\u00a0<strong><a href=\"https:\/\/frameyoustore.com\/index.php\/sobre-a-joalharia\/\">aqui.<\/a><\/strong><\/li>\n<\/ul>\n<p><u>Informa\u00e7\u00f5es Adicionais:<\/u><\/p>\n<ul>\n<li>As nossas pe\u00e7as s\u00e3o enviadas numa bolsa;<\/li>\n<li>Caso pretenda oferecer este colar como presente, temos a op\u00e7\u00e3o de adicionar uma caixa presente (abaixo) ou sugerimos a compra das nossas FrameYou &#8211; Caixas com Mensagem &#8211; que podem ser compradas <a href=\"https:\/\/frameyoustore.com\/index.php\/produto\/cria-a-tua-frameyou\/\">aqui<\/a>.<\/li>\n<\/ul>\n","protected":false},"excerpt":{"rendered":"<p>O nosso Colar Cora\u00e7\u00e3o \u00e9 uma pe\u00e7a intemporal. Perfeita para quem procura um colar discreto, mas cheio de significado.<\/p>\n","protected":false},"featured_media":3057,"comment_status":"open","ping_status":"closed","template":"","meta":{"_uag_custom_page_level_css":""},"product_brand":[],"product_cat":[25,18,29],"product_tag":[],"class_list":{"0":"post-3056","1":"product","2":"type-product","3":"status-publish","4":"has-post-thumbnail","6":"product_cat-colares","7":"product_cat-colares-pulseiras","8":"product_cat-mulheres","10":"first","11":"instock","12":"sale","13":"taxable","14":"shipping-taxable","15":"purchasable","16":"product-type-simple"},"uagb_featured_image_src":{"full":["https:\/\/frameyoustore.com\/wp-content\/uploads\/2024\/01\/M.C-26.png",1080,1080,false],"thumbnail":["https:\/\/frameyoustore.com\/wp-content\/uploads\/2024\/01\/M.C-26-150x150.png",150,150,true],"medium":["https:\/\/frameyoustore.com\/wp-content\/uploads\/2024\/01\/M.C-26-300x300.png",300,300,true],"medium_large":["https:\/\/frameyoustore.com\/wp-content\/uploads\/2024\/01\/M.C-26-768x768.png",768,768,true],"large":["https:\/\/frameyoustore.com\/wp-content\/uploads\/2024\/01\/M.C-26-1024x1024.png",1024,1024,true],"1536x1536":["https:\/\/frameyoustore.com\/wp-content\/uploads\/2024\/01\/M.C-26.png",1080,1080,false],"2048x2048":["https:\/\/frameyoustore.com\/wp-content\/uploads\/2024\/01\/M.C-26.png",1080,1080,false],"portfolio-thumb":["https:\/\/frameyoustore.com\/wp-content\/uploads\/2024\/01\/M.C-26-600x403.png",600,403,true],"nectar_small_square":["https:\/\/frameyoustore.com\/wp-content\/uploads\/2024\/01\/M.C-26-140x140.png",140,140,true],"portfolio-thumb_large":["https:\/\/frameyoustore.com\/wp-content\/uploads\/2024\/01\/M.C-26-900x604.png",900,604,true],"portfolio-thumb_small":["https:\/\/frameyoustore.com\/wp-content\/uploads\/2024\/01\/M.C-26-400x269.png",400,269,true],"portfolio-widget":["https:\/\/frameyoustore.com\/wp-content\/uploads\/2024\/01\/M.C-26-100x100.png",100,100,true],"regular":["https:\/\/frameyoustore.com\/wp-content\/uploads\/2024\/01\/M.C-26-500x500.png",500,500,true],"regular_photography":["https:\/\/frameyoustore.com\/wp-content\/uploads\/2024\/01\/M.C-26-450x600.png",450,600,true],"regular_small":["https:\/\/frameyoustore.com\/wp-content\/uploads\/2024\/01\/M.C-26-350x350.png",350,350,true],"regular_photography_small":["https:\/\/frameyoustore.com\/wp-content\/uploads\/2024\/01\/M.C-26-350x467.png",350,467,true],"wide_tall":["https:\/\/frameyoustore.com\/wp-content\/uploads\/2024\/01\/M.C-26-1000x1000.png",1000,1000,true],"wide_tall_photography":["https:\/\/frameyoustore.com\/wp-content\/uploads\/2024\/01\/M.C-26-900x1080.png",900,1080,true],"wide_photography":["https:\/\/frameyoustore.com\/wp-content\/uploads\/2024\/01\/M.C-26-900x600.png",900,600,true],"wide_photography_small":["https:\/\/frameyoustore.com\/wp-content\/uploads\/2024\/01\/M.C-26-675x450.png",675,450,true],"large_featured":["https:\/\/frameyoustore.com\/wp-content\/uploads\/2024\/01\/M.C-26-1080x770.png",1080,770,true],"medium_featured":["https:\/\/frameyoustore.com\/wp-content\/uploads\/2024\/01\/M.C-26-800x800.png",800,800,true],"woocommerce_thumbnail":["https:\/\/frameyoustore.com\/wp-content\/uploads\/2024\/01\/M.C-26-300x300.png",300,300,true],"woocommerce_single":["https:\/\/frameyoustore.com\/wp-content\/uploads\/2024\/01\/M.C-26-800x1000.png",800,1000,true],"woocommerce_gallery_thumbnail":["https:\/\/frameyoustore.com\/wp-content\/uploads\/2024\/01\/M.C-26-150x150.png",150,150,true]},"uagb_author_info":{"display_name":"Vanessa Soares","author_link":"https:\/\/frameyoustore.com\/index.php\/author\/"},"uagb_comment_info":0,"uagb_excerpt":"O nosso Colar Cora\u00e7\u00e3o \u00e9 uma pe\u00e7a intemporal. Perfeita para quem procura um colar discreto, mas cheio de significado.","jetpack_sharing_enabled":true,"_links":{"self":[{"href":"https:\/\/frameyoustore.com\/index.php\/wp-json\/wp\/v2\/product\/3056","targetHints":{"allow":["GET"]}}],"collection":[{"href":"https:\/\/frameyoustore.com\/index.php\/wp-json\/wp\/v2\/product"}],"about":[{"href":"https:\/\/frameyoustore.com\/index.php\/wp-json\/wp\/v2\/types\/product"}],"replies":[{"embeddable":true,"href":"https:\/\/frameyoustore.com\/index.php\/wp-json\/wp\/v2\/comments?post=3056"}],"wp:featuredmedia":[{"embeddable":true,"href":"https:\/\/frameyoustore.com\/index.php\/wp-json\/wp\/v2\/media\/3057"}],"wp:attachment":[{"href":"https:\/\/frameyoustore.com\/index.php\/wp-json\/wp\/v2\/media?parent=3056"}],"wp:term":[{"taxonomy":"product_brand","embeddable":true,"href":"https:\/\/frameyoustore.com\/index.php\/wp-json\/wp\/v2\/product_brand?post=3056"},{"taxonomy":"product_cat","embeddable":true,"href":"https:\/\/frameyoustore.com\/index.php\/wp-json\/wp\/v2\/product_cat?post=3056"},{"taxonomy":"product_tag","embeddable":true,"href":"https:\/\/frameyoustore.com\/index.php\/wp-json\/wp\/v2\/product_tag?post=3056"}],"curies":[{"name":"wp","href":"https:\/\/api.w.org\/{rel}","templated":true}]}}