{"id":8504,"date":"2026-03-27T20:47:15","date_gmt":"2026-03-27T20:47:15","guid":{"rendered":"https:\/\/frameyoustore.com\/?post_type=product&#038;p=8504"},"modified":"2026-03-27T20:54:21","modified_gmt":"2026-03-27T20:54:21","slug":"frameyou-dia-da-mae","status":"publish","type":"product","link":"https:\/\/frameyoustore.com\/index.php\/produto\/frameyou-dia-da-mae\/","title":{"rendered":"FrameYou &#8211; Dia da M\u00e3e"},"content":{"rendered":"<p>No Dia da M\u00e3e oferece amor em forma de caixa. Para a melhor m\u00e3e do mundo, o presente personalizado mais especial.<\/p>\n<p><u>O que inclui?<\/u><\/p>\n<ul>\n<li>1 Caixa Com Mensagem &#8211; Personalizada;<\/li>\n<li>1 Colar ou Pulseira &#8211; Duplo Cora\u00e7\u00e3o (A\u00e7o Inoxid\u00e1vel);<\/li>\n<li>1 Fotografia no Interior da Caixa (\u00c9 gr\u00e1tis e opcional);<\/li>\n<li>1 Bolsa Presente &#8211; Personalizada;<\/li>\n<\/ul>\n<p>Material: A\u00e7o Inoxid\u00e1vel.<\/p>\n<p>Medidas:<\/p>\n<ul>\n<li>Colar: 45 cm + 5 cm de extensor<\/li>\n<li>Pulseira: 16 cm + 5 cm de extensor<\/li>\n<\/ul>\n","protected":false},"excerpt":{"rendered":"<p>No Dia da M\u00e3e oferece amor em forma de caixa. Para a melhor m\u00e3e do mundo, o presente personalizado mais especial.<\/p>\n","protected":false},"featured_media":8471,"comment_status":"open","ping_status":"closed","template":"","meta":{"_uag_custom_page_level_css":""},"product_brand":[],"product_cat":[116,105,19],"product_tag":[],"class_list":{"0":"post-8504","1":"product","2":"type-product","3":"status-publish","4":"has-post-thumbnail","6":"product_cat-dia-da-mae","7":"product_cat-para-ti-mae","8":"product_cat-presentes","10":"first","11":"instock","12":"sale","13":"featured","14":"taxable","15":"shipping-taxable","16":"purchasable","17":"product-type-simple"},"uagb_featured_image_src":{"full":["https:\/\/frameyoustore.com\/wp-content\/uploads\/2026\/03\/WhatsApp-Image-2026-03-26-at-14.13.45-1.jpeg",1200,1600,false],"thumbnail":["https:\/\/frameyoustore.com\/wp-content\/uploads\/2026\/03\/WhatsApp-Image-2026-03-26-at-14.13.45-1-150x150.jpeg",150,150,true],"medium":["https:\/\/frameyoustore.com\/wp-content\/uploads\/2026\/03\/WhatsApp-Image-2026-03-26-at-14.13.45-1-225x300.jpeg",225,300,true],"medium_large":["https:\/\/frameyoustore.com\/wp-content\/uploads\/2026\/03\/WhatsApp-Image-2026-03-26-at-14.13.45-1-768x1024.jpeg",768,1024,true],"large":["https:\/\/frameyoustore.com\/wp-content\/uploads\/2026\/03\/WhatsApp-Image-2026-03-26-at-14.13.45-1-768x1024.jpeg",768,1024,true],"1536x1536":["https:\/\/frameyoustore.com\/wp-content\/uploads\/2026\/03\/WhatsApp-Image-2026-03-26-at-14.13.45-1-1152x1536.jpeg",1152,1536,true],"2048x2048":["https:\/\/frameyoustore.com\/wp-content\/uploads\/2026\/03\/WhatsApp-Image-2026-03-26-at-14.13.45-1.jpeg",1200,1600,false],"portfolio-thumb":["https:\/\/frameyoustore.com\/wp-content\/uploads\/2026\/03\/WhatsApp-Image-2026-03-26-at-14.13.45-1-600x403.jpeg",600,403,true],"nectar_small_square":["https:\/\/frameyoustore.com\/wp-content\/uploads\/2026\/03\/WhatsApp-Image-2026-03-26-at-14.13.45-1-140x140.jpeg",140,140,true],"portfolio-thumb_large":["https:\/\/frameyoustore.com\/wp-content\/uploads\/2026\/03\/WhatsApp-Image-2026-03-26-at-14.13.45-1-900x604.jpeg",900,604,true],"portfolio-thumb_small":["https:\/\/frameyoustore.com\/wp-content\/uploads\/2026\/03\/WhatsApp-Image-2026-03-26-at-14.13.45-1-400x269.jpeg",400,269,true],"portfolio-widget":["https:\/\/frameyoustore.com\/wp-content\/uploads\/2026\/03\/WhatsApp-Image-2026-03-26-at-14.13.45-1-100x100.jpeg",100,100,true],"regular":["https:\/\/frameyoustore.com\/wp-content\/uploads\/2026\/03\/WhatsApp-Image-2026-03-26-at-14.13.45-1-500x500.jpeg",500,500,true],"regular_photography":["https:\/\/frameyoustore.com\/wp-content\/uploads\/2026\/03\/WhatsApp-Image-2026-03-26-at-14.13.45-1-450x600.jpeg",450,600,true],"regular_small":["https:\/\/frameyoustore.com\/wp-content\/uploads\/2026\/03\/WhatsApp-Image-2026-03-26-at-14.13.45-1-350x350.jpeg",350,350,true],"regular_photography_small":["https:\/\/frameyoustore.com\/wp-content\/uploads\/2026\/03\/WhatsApp-Image-2026-03-26-at-14.13.45-1-350x467.jpeg",350,467,true],"wide_tall":["https:\/\/frameyoustore.com\/wp-content\/uploads\/2026\/03\/WhatsApp-Image-2026-03-26-at-14.13.45-1-1000x1000.jpeg",1000,1000,true],"wide_tall_photography":["https:\/\/frameyoustore.com\/wp-content\/uploads\/2026\/03\/WhatsApp-Image-2026-03-26-at-14.13.45-1-900x1200.jpeg",900,1200,true],"wide_photography":["https:\/\/frameyoustore.com\/wp-content\/uploads\/2026\/03\/WhatsApp-Image-2026-03-26-at-14.13.45-1-900x600.jpeg",900,600,true],"wide_photography_small":["https:\/\/frameyoustore.com\/wp-content\/uploads\/2026\/03\/WhatsApp-Image-2026-03-26-at-14.13.45-1-675x450.jpeg",675,450,true],"large_featured":["https:\/\/frameyoustore.com\/wp-content\/uploads\/2026\/03\/WhatsApp-Image-2026-03-26-at-14.13.45-1-1200x770.jpeg",1200,770,true],"medium_featured":["https:\/\/frameyoustore.com\/wp-content\/uploads\/2026\/03\/WhatsApp-Image-2026-03-26-at-14.13.45-1-800x800.jpeg",800,800,true],"woocommerce_thumbnail":["https:\/\/frameyoustore.com\/wp-content\/uploads\/2026\/03\/WhatsApp-Image-2026-03-26-at-14.13.45-1-300x300.jpeg",300,300,true],"woocommerce_single":["https:\/\/frameyoustore.com\/wp-content\/uploads\/2026\/03\/WhatsApp-Image-2026-03-26-at-14.13.45-1-800x1000.jpeg",800,1000,true],"woocommerce_gallery_thumbnail":["https:\/\/frameyoustore.com\/wp-content\/uploads\/2026\/03\/WhatsApp-Image-2026-03-26-at-14.13.45-1-150x150.jpeg",150,150,true]},"uagb_author_info":{"display_name":"Vanessa Soares","author_link":"https:\/\/frameyoustore.com\/index.php\/author\/"},"uagb_comment_info":0,"uagb_excerpt":"No Dia da M\u00e3e oferece amor em forma de caixa. Para a melhor m\u00e3e do mundo, o presente personalizado mais especial.","jetpack_sharing_enabled":true,"_links":{"self":[{"href":"https:\/\/frameyoustore.com\/index.php\/wp-json\/wp\/v2\/product\/8504","targetHints":{"allow":["GET"]}}],"collection":[{"href":"https:\/\/frameyoustore.com\/index.php\/wp-json\/wp\/v2\/product"}],"about":[{"href":"https:\/\/frameyoustore.com\/index.php\/wp-json\/wp\/v2\/types\/product"}],"replies":[{"embeddable":true,"href":"https:\/\/frameyoustore.com\/index.php\/wp-json\/wp\/v2\/comments?post=8504"}],"wp:featuredmedia":[{"embeddable":true,"href":"https:\/\/frameyoustore.com\/index.php\/wp-json\/wp\/v2\/media\/8471"}],"wp:attachment":[{"href":"https:\/\/frameyoustore.com\/index.php\/wp-json\/wp\/v2\/media?parent=8504"}],"wp:term":[{"taxonomy":"product_brand","embeddable":true,"href":"https:\/\/frameyoustore.com\/index.php\/wp-json\/wp\/v2\/product_brand?post=8504"},{"taxonomy":"product_cat","embeddable":true,"href":"https:\/\/frameyoustore.com\/index.php\/wp-json\/wp\/v2\/product_cat?post=8504"},{"taxonomy":"product_tag","embeddable":true,"href":"https:\/\/frameyoustore.com\/index.php\/wp-json\/wp\/v2\/product_tag?post=8504"}],"curies":[{"name":"wp","href":"https:\/\/api.w.org\/{rel}","templated":true}]}}